{"id":10556,"date":"2020-11-10T13:56:46","date_gmt":"2020-11-10T12:56:46","guid":{"rendered":"https:\/\/msglife.testovacka.sk\/impressum\/"},"modified":"2026-03-19T11:21:10","modified_gmt":"2026-03-19T10:21:10","slug":"impressum","status":"publish","type":"page","link":"https:\/\/msg-life.sk\/en\/impressum\/","title":{"rendered":"Impressum"},"content":{"rendered":"<h1>Legal Information<\/h1>\n<p class=\"p2\"><b>Company Headquarters:<br \/>\n<\/b>msg life Slovakia s.r.o.<br \/>\nHrani\u010dn\u00e1 18<br \/>\n821 05 Bratislava<br \/>\nSlovakia<\/p>\n<p class=\"p2\"><b>Branch Office Ko\u0161ice:<br \/>\n<\/b>msg life Slovakia s.r.o.<br \/>\nWerferova 1<br \/>\n040 11 Ko\u0161ice<br \/>\nSlovakia<\/p>\n<p class=\"p2\"><b>Branch Office \u017dilina:<br \/>\n<\/b>msg life Slovakia s.r.o.<br \/>\nbuilding Europalace<br \/>\nVysoko\u0161kol\u00e1kov 8556\/33B<br \/>\n010 08 \u017dilina<br \/>\nSlovakia<\/p>\n<p class=\"p2\"><b>Contact Information:<\/b><br \/>\nPhone: +421 2 322 21 270<br \/>\nE-mail: <a href=\"mailto:info.sk@msg.group\">info.sk@msg.group<\/a><br \/>\nWeb: <a href=\"https:\/\/www.msg-life.sk\">www.msg-life.sk<\/a><br \/>\n<a href=\"www.msg-insurance-suite.com\" target=\"_blank\" rel=\"noopener\">www.msg-insurance-suite.com<\/a><br \/>\n<a href=\"https:\/\/www.msg.group\/en\">www.msg.group\/en<\/a><\/p>\n<p class=\"p2\"><b>Billing Information:<\/b><br \/>\nCompany ID: 35 800 780<br \/>\nTax ID: 2020223755<br \/>\nVAT ID: SK2020223755<br \/>\nBank: Unicredit Bank Czech Republic and Slovakia, a.s., \u0160ancov\u00e1 1\/A, 813 33 Bratislava<br \/>\nIBAN: SK30 1111 0000 0010 0951 0001<br \/>\nBIC: UNCRSKBX<\/p>\n<p class=\"p4\">The company is registered in the Commercial Register of the Bratislava III District Court, Section Sro, Insert No. 22942\/B. Represented by the managing directors Mr. Milan Patassy and Mr. Michal Zachar.<\/p>\n<p class=\"p4\">Commercial Register Extract: <a href=\"https:\/\/www.orsr.sk\/vypis.asp?ID=30404&amp;SID=2&amp;P=0\" target=\"_blank\" rel=\"nofollow noopener\">https:\/\/www.orsr.sk\/vypis.asp?ID=30404&amp;SID=2&amp;P=0<\/a><\/p>\n<h2>Copyright<\/h2>\n<p class=\"p4\">\u00a9 2026 msg life Slovakia<\/p>\n<p class=\"p4\">All rights reserved. All content on the msg life Slovakia s.r.o. websites, including images and layout, is protected by copyright. Copying of information, data, images, etc., and especially commercial use of texts, parts of texts or images is not permitted without prior written consent from msg life Slovakia s.r.o. The content of msg life Slovakia s.r.o. websites, including framing, direct links, etc., may not be altered or extended.<\/p>\n<h2>Disclaimer and Warranty<\/h2>\n<p class=\"p4\">msg life Slovakia s.r.o. carefully checks and regularly updates the information published online. Nevertheless, complete error-free content cannot be guaranteed. Therefore, msg life Slovakia s.r.o. assumes no liability and provides no warranty for the completeness, accuracy, or timeliness of the published data and information. msg life Slovakia s.r.o. assumes no liability and provides no warranty for statements regarding future developments, as these are based on the beliefs and estimates of the management of msg life Slovakia s.r.o. and inherently involve risks and uncertainties.<\/p>\n<p class=\"p4\">The disclaimer and warranty also apply to all web links that are directly or indirectly referenced on the msg life Slovakia s.r.o. websites. msg life Slovakia s.r.o. is not responsible for the content of these external websites.<\/p>\n<p class=\"p4\">msg life Slovakia s.r.o. reserves the right to change or supplement the published information without prior notice.<\/p>\n<h2>Note<\/h2>\n<p class=\"p4\">Wherever the masculine grammatical form is used as a universal form, it is done solely for the purpose of simplifying readability. All references are intended to include persons of all genders.<\/p>\n","protected":false},"excerpt":{"rendered":"<p>Legal Information Company Headquarters: msg life Slovakia s.r.o. Hrani\u010dn\u00e1 18 821 05 Bratislava Slovakia Branch Office Ko\u0161ice: msg life Slovakia s.r.o. Werferova 1 040 11 Ko\u0161ice Slovakia Branch Office \u017dilina: [&hellip;]<\/p>\n","protected":false},"author":1,"featured_media":0,"parent":0,"menu_order":0,"comment_status":"closed","ping_status":"closed","template":"","meta":{"_acf_changed":false,"footnotes":""},"class_list":["post-10556","page","type-page","status-publish","hentry"],"acf":[],"aioseo_notices":[],"_links":{"self":[{"href":"https:\/\/msg-life.sk\/en\/wp-json\/wp\/v2\/pages\/10556","targetHints":{"allow":["GET"]}}],"collection":[{"href":"https:\/\/msg-life.sk\/en\/wp-json\/wp\/v2\/pages"}],"about":[{"href":"https:\/\/msg-life.sk\/en\/wp-json\/wp\/v2\/types\/page"}],"author":[{"embeddable":true,"href":"https:\/\/msg-life.sk\/en\/wp-json\/wp\/v2\/users\/1"}],"replies":[{"embeddable":true,"href":"https:\/\/msg-life.sk\/en\/wp-json\/wp\/v2\/comments?post=10556"}],"version-history":[{"count":11,"href":"https:\/\/msg-life.sk\/en\/wp-json\/wp\/v2\/pages\/10556\/revisions"}],"predecessor-version":[{"id":27309,"href":"https:\/\/msg-life.sk\/en\/wp-json\/wp\/v2\/pages\/10556\/revisions\/27309"}],"wp:attachment":[{"href":"https:\/\/msg-life.sk\/en\/wp-json\/wp\/v2\/media?parent=10556"}],"curies":[{"name":"wp","href":"https:\/\/api.w.org\/{rel}","templated":true}]}}